{"id":100,"date":"2021-02-21T11:28:50","date_gmt":"2021-02-21T11:28:50","guid":{"rendered":"https:\/\/www.radiofolclorbuzaufm.ro\/?page_id=100"},"modified":"2021-02-21T11:37:55","modified_gmt":"2021-02-21T11:37:55","slug":"despre-noi","status":"publish","type":"page","link":"https:\/\/www.radiofolclorbuzaufm.ro\/index.php\/despre-noi\/","title":{"rendered":"Despre Noi"},"content":{"rendered":"\n<h1 class=\"wp-block-heading\"><a href=\"https:\/\/www.radiointens.ro\/despre-noi.html\">De ce suntem online? Ce dorim s\u0103 facem?<\/a><\/h1>\n\n\n\n<p><strong>Pe scurt, despre noi:<\/strong><br>&#8211; \u00ce\u021bi aducem Rom\u00e2nia mai aproape de tine prin stream-ul online disponibile exclusiv pe internet. Ne adres\u0103m \u00een mod special rom\u00e2nilor pleca\u021bi peste hotare \u0219i celor care \u00eendr\u0103gesc muzica de petrecere.<br>&#8211; In fiecare zi, radioul rom\u00e2nilor de pretutindeni v\u0103 pune la dispozi\u021bie cele mai frumoase melodii de pahar, de joc \u0219i voie bun\u0103.<br>&#8211; Esti purtat prin toate zonele \u021b\u0103rii: Banat, Cri\u0219ana, Maramure\u0219, Bucovina, Moldova, Transilvania, Dobrogea, Muntenia \u0219i Oltenia.<br>&#8211; Din 10 iulie 2020 suntem prezen\u021bi oriunde \u00een lume cu programe excep\u021bionale de muzic\u0103 popular\u0103 difuzate live, unde ascult\u0103torii pot cere preferin\u021be muzicale sau pot oferi celor dragi dedica\u021bii.<\/p>\n\n\n\n<p>Asculta Radio Folclor Buzau FM &#8211; <a href=\"http:\/\/www.radiofolclorbuzaufm.ro\">http:\/\/www.radiofolclorbuzaufm.ro<\/a><\/p>\n","protected":false},"excerpt":{"rendered":"<p>De ce suntem online? Ce dorim s\u0103 facem? Pe scurt, despre noi:&#8211; \u00ce\u021bi aducem Rom\u00e2nia mai aproape de tine prin stream-ul online disponibile exclusiv pe&#8230;<\/p>\n","protected":false},"author":1,"featured_media":0,"parent":0,"menu_order":2,"comment_status":"closed","ping_status":"closed","template":"","meta":{"footnotes":""},"class_list":["post-100","page","type-page","status-publish","hentry"],"_links":{"self":[{"href":"https:\/\/www.radiofolclorbuzaufm.ro\/index.php\/wp-json\/wp\/v2\/pages\/100","targetHints":{"allow":["GET"]}}],"collection":[{"href":"https:\/\/www.radiofolclorbuzaufm.ro\/index.php\/wp-json\/wp\/v2\/pages"}],"about":[{"href":"https:\/\/www.radiofolclorbuzaufm.ro\/index.php\/wp-json\/wp\/v2\/types\/page"}],"author":[{"embeddable":true,"href":"https:\/\/www.radiofolclorbuzaufm.ro\/index.php\/wp-json\/wp\/v2\/users\/1"}],"replies":[{"embeddable":true,"href":"https:\/\/www.radiofolclorbuzaufm.ro\/index.php\/wp-json\/wp\/v2\/comments?post=100"}],"version-history":[{"count":4,"href":"https:\/\/www.radiofolclorbuzaufm.ro\/index.php\/wp-json\/wp\/v2\/pages\/100\/revisions"}],"predecessor-version":[{"id":108,"href":"https:\/\/www.radiofolclorbuzaufm.ro\/index.php\/wp-json\/wp\/v2\/pages\/100\/revisions\/108"}],"wp:attachment":[{"href":"https:\/\/www.radiofolclorbuzaufm.ro\/index.php\/wp-json\/wp\/v2\/media?parent=100"}],"curies":[{"name":"wp","href":"https:\/\/api.w.org\/{rel}","templated":true}]}}